 {"id":2258,"date":"2021-09-06T12:03:46","date_gmt":"2021-09-06T10:03:46","guid":{"rendered":"https:\/\/www.spatia.it\/ita\/?page_id=2258"},"modified":"2021-09-17T12:04:37","modified_gmt":"2021-09-17T10:04:37","slug":"internazionalizzazione","status":"publish","type":"page","link":"https:\/\/www.spatia.it\/ita\/internazionalizzazione\/","title":{"rendered":"Internazionalizzazione"},"content":{"rendered":"<p>[vc_row full_width=&#8221;stretch_row&#8221; bg_type=&#8221;bg_color&#8221; css=&#8221;.vc_custom_1630923343968{padding-bottom: 50px !important;background-image: url(https:\/\/www.spatia.it\/ita\/wp-content\/uploads\/2021\/09\/2327-web.jpg?id=2264) !important;background-position: center !important;background-repeat: no-repeat !important;background-size: cover !important;}&#8221; bg_color_value=&#8221;rgba(0,0,0,0.4)&#8221;][vc_column css=&#8221;.vc_custom_1630922859043{padding-top: 20px !important;}&#8221;][vc_single_image image=&#8221;2259&#8243; img_size=&#8221;150&#215;150&#8243; alignment=&#8221;center&#8221; onclick=&#8221;custom_link&#8221; img_link_target=&#8221;_blank&#8221; css=&#8221;.vc_custom_1631873072637{padding-top: 40px !important;}&#8221; link=&#8221;https:\/\/www.indarcostruzioni.it\/&#8221;][vc_column_text css=&#8221;.vc_custom_1630923316651{margin-top: 0px !important;padding-top: 0px !important;}&#8221;]<\/p>\n<h2 style=\"text-align: center; color: white;\"><b>Piano di Investimento<br \/>\nper l&#8217;Export di INDAR<\/b><\/h2>\n<p>[\/vc_column_text][vc_column_text css=&#8221;.vc_custom_1630923311094{margin-top: 0px !important;padding-top: 0px !important;}&#8221;]<\/p>\n<p style=\"text-align: center;\"><span style=\"color: white;\">CUP F82C20003910007 \u2013 COR 4016468<\/span><\/p>\n<p>[\/vc_column_text][\/vc_column][\/vc_row][vc_row content_placement=&#8221;middle&#8221;][vc_column width=&#8221;1\/4&#8243;][vc_single_image image=&#8221;2263&#8243; img_size=&#8221;medium&#8221; alignment=&#8221;center&#8221; el_class=&#8221;uno&#8221;][\/vc_column][vc_column width=&#8221;1\/4&#8243;][vc_single_image image=&#8221;2262&#8243; img_size=&#8221;medium&#8221; alignment=&#8221;center&#8221; el_class=&#8221;due&#8221;][\/vc_column][vc_column width=&#8221;1\/4&#8243;][vc_single_image image=&#8221;2261&#8243; img_size=&#8221;medium&#8221; alignment=&#8221;center&#8221; el_class=&#8221;tre&#8221;][\/vc_column][vc_column width=&#8221;1\/4&#8243;][vc_single_image image=&#8221;2260&#8243; img_size=&#8221;medium&#8221; alignment=&#8221;center&#8221; el_class=&#8221;quattro&#8221;][\/vc_column][\/vc_row][vc_row][vc_column width=&#8221;1\/6&#8243;][\/vc_column][vc_column width=&#8221;2\/3&#8243;][vc_column_text]<strong>DECRIZIONE DEL PROGETTO<\/strong><br \/>\nIl Piano di Internazionalizzazione ha l\u2019obiettivo di stimolare l\u2019export verso il mercato degli Stati Uniti d\u2019America di prodotti di arredamento che INDAR, fin dai primissimi anni, ha affiancato alle attivit\u00e0 originarie con una divisione dedicata alla produzione di arredi su misura, porte ed infissi a disegno. Implementando il Piano di internazionalizzazione, ci si prefigge di espandere l\u2019attuale dimensione aziendale puntando sull\u2019attivit\u00e0 di realizzazione di arredamento su misura sfruttando le caratteristiche di scalabilit\u00e0 di tale attivit\u00e0 e le condizioni di favore con cui ci si pone verso il design italiano, stimato e famoso in tutto il mondo nell\u2019ambito dell\u2019arredo, che costituirebbe una tra le leve di marketing principali per rafforzare il processo di internazionalizzazione.<\/p>\n<p><b>FINALIT\u00c0<\/b><br \/>\nIl presente progetto mira al rafforzamento della competitivit\u00e0 all\u2019estero del sistema produttivo aziendale attraverso l\u2019offerta di un servizio innovativo. Infatti, non \u00e8 al momento presente, nel mercato target di riferimento, una piattaforma con le caratteristiche del Marketplace di progetto, andando dunque a costituire un vero e proprio \u201coceano blu\u201d in cui operare, e la commistione tra comparto manifatturiero e terziario avanzato, per offrire un nuovo canale di sbocco per l\u2019export del design made in Italy nel mercato statunitense, unendo le forze sotto un unico alveo.<\/p>\n<p><b>RISULTATI<\/b><br \/>\nCome risultato dell\u2019analisi di mercato basata sulle finalit\u00e0 di progetto si \u00e8 deciso di porre l\u2019attenzione sulla realizzazione di due nuovi brand SPATIA e Th\u00f6ndo per soddisfare appieno l\u2019intero bacino di utenza, costruendo due piattaforme software estremamente intuitive che permettono un\u2019interazione diretta con il cliente finale, che sar\u00e0 capace di configurare con estrema semplicit\u00e0 il proprio mobile con il supporto tecnico e consulenziale del team di Indar Costruzioni, che potr\u00e0 seguire il completamento e la rifinitura dell\u2019ordine da parte del consumatore finale.[\/vc_column_text][vc_row_inner content_placement=&#8221;middle&#8221;][vc_column_inner width=&#8221;1\/2&#8243;][vc_single_image image=&#8221;1233&#8243; img_size=&#8221;medium&#8221;][\/vc_column_inner][vc_column_inner width=&#8221;1\/2&#8243;][vc_single_image image=&#8221;2285&#8243; img_size=&#8221;150&#215;150&#8243; el_class=&#8221;cinque&#8221;][\/vc_column_inner][\/vc_row_inner][vc_column_text]<b>SOSTEGNO FINANZIARIO RICEVUTO<\/b><br \/>\nL\u2019importo complessivo del contributo finanziario concesso dall\u2019ente, al fine di sviluppare le attivit\u00e0 previste dal progetto \u00e8 di \u20ac 175.150,00.[\/vc_column_text][\/vc_column][vc_column width=&#8221;1\/6&#8243;][\/vc_column][\/vc_row][vc_row full_width=&#8221;stretch_row&#8221; css=&#8221;.vc_custom_1630924618507{margin-top: 30px !important;margin-bottom: 0px !important;padding-top: 20px !important;padding-bottom: 20px !important;background-color: #e5e5e5 !important;}&#8221;][vc_column][vc_column_text]<\/p>\n<p style=\"text-align: center;\">POR FESR LAZIO 2014 \u2013 2020<br \/>\nAsse 3 \u2013 Priorit\u00e0 di Investimento b)<br \/>\nObiettivo Specifico RA 3.4 &#8211; Azione 3.4.1<br \/>\nAvviso \u00a0Pubblico \u201cIncentivi all\u2019acquisto di servizi di<br \/>\nsupporto all\u2019internazionalizzazione in favore delle PMI\u201d<br \/>\n\u201cProgetti di Internazionalizzazione\u201d<\/p>\n<p>[\/vc_column_text][\/vc_column][\/vc_row]<\/p>\n","protected":false},"excerpt":{"rendered":"<p>[vc_row full_width=&#8221;stretch_row&#8221; bg_type=&#8221;bg_color&#8221; css=&#8221;.vc_custom_1630923343968{padding-bottom: 50px !important;background-image: url(https:\/\/www.spatia.it\/ita\/wp-content\/uploads\/2021\/09\/2327-web.jpg?id=2264) !important;background-position: center !important;background-repeat: no-repeat !important;background-size: cover !important;}&#8221; bg_color_value=&#8221;rgba(0,0,0,0.4)&#8221;][vc_column css=&#8221;.vc_custom_1630922859043{padding-top: 20px !important;}&#8221;][vc_single_image image=&#8221;2259&#8243; img_size=&#8221;150&#215;150&#8243; alignment=&#8221;center&#8221; onclick=&#8221;custom_link&#8221; img_link_target=&#8221;_blank&#8221; css=&#8221;.vc_custom_1631873072637{padding-top: 40px !important;}&#8221; link=&#8221;https:\/\/www.indarcostruzioni.it\/&#8221;][vc_column_text css=&#8221;.vc_custom_1630923316651{margin-top: 0px !important;padding-top: 0px !important;}&#8221;] Piano di Investimento per l&#8217;Export di INDAR [\/vc_column_text][vc_column_text css=&#8221;.vc_custom_1630923311094{margin-top: 0px !important;padding-top: 0px !important;}&#8221;] CUP F82C20003910007 \u2013 COR 4016468 [\/vc_column_text][\/vc_column][\/vc_row][vc_row content_placement=&#8221;middle&#8221;][vc_column width=&#8221;1\/4&#8243;][vc_single_image image=&#8221;2263&#8243; img_size=&#8221;medium&#8221;&hellip;<\/p>\n","protected":false},"author":1,"featured_media":0,"parent":0,"menu_order":0,"comment_status":"closed","ping_status":"closed","template":"","meta":[],"yoast_head":"<!-- This site is optimized with the Yoast SEO plugin v16.0 - https:\/\/yoast.com\/wordpress\/plugins\/seo\/ -->\n<title>Internazionalizzazione - SPATIA<\/title>\n<meta property=\"og:locale\" content=\"it_IT\" \/>\n<meta property=\"og:type\" content=\"article\" \/>\n<meta property=\"og:title\" content=\"Internazionalizzazione - SPATIA\" \/>\n<meta property=\"og:description\" content=\"[vc_row full_width=&#8221;stretch_row&#8221; bg_type=&#8221;bg_color&#8221; css=&#8221;.vc_custom_1630923343968{padding-bottom: 50px !important;background-image: url(https:\/\/www.spatia.it\/ita\/wp-content\/uploads\/2021\/09\/2327-web.jpg?id=2264) !important;background-position: center !important;background-repeat: no-repeat !important;background-size: cover !important;}&#8221; bg_color_value=&#8221;rgba(0,0,0,0.4)&#8221;][vc_column css=&#8221;.vc_custom_1630922859043{padding-top: 20px !important;}&#8221;][vc_single_image image=&#8221;2259&#8243; img_size=&#8221;150&#215;150&#8243; alignment=&#8221;center&#8221; onclick=&#8221;custom_link&#8221; img_link_target=&#8221;_blank&#8221; css=&#8221;.vc_custom_1631873072637{padding-top: 40px !important;}&#8221; link=&#8221;https:\/\/www.indarcostruzioni.it\/&#8221;][vc_column_text css=&#8221;.vc_custom_1630923316651{margin-top: 0px !important;padding-top: 0px !important;}&#8221;] Piano di Investimento per l&#8217;Export di INDAR [\/vc_column_text][vc_column_text css=&#8221;.vc_custom_1630923311094{margin-top: 0px !important;padding-top: 0px !important;}&#8221;] CUP F82C20003910007 \u2013 COR 4016468 [\/vc_column_text][\/vc_column][\/vc_row][vc_row content_placement=&#8221;middle&#8221;][vc_column width=&#8221;1\/4&#8243;][vc_single_image image=&#8221;2263&#8243; img_size=&#8221;medium&#8221;&hellip;\" \/>\n<meta property=\"og:url\" content=\"https:\/\/www.spatia.it\/ita\/internazionalizzazione\/\" \/>\n<meta property=\"og:site_name\" content=\"SPATIA\" \/>\n<meta property=\"article:modified_time\" content=\"2021-09-17T10:04:37+00:00\" \/>\n<meta name=\"twitter:card\" content=\"summary_large_image\" \/>\n<meta name=\"twitter:label1\" content=\"Tempo di lettura stimato\">\n\t<meta name=\"twitter:data1\" content=\"2 minuti\">\n<script type=\"application\/ld+json\" class=\"yoast-schema-graph\">{\"@context\":\"https:\/\/schema.org\",\"@graph\":[{\"@type\":\"Organization\",\"@id\":\"http:\/\/thondo.avlabs.it\/#organization\",\"name\":\"Iridio\",\"url\":\"http:\/\/thondo.avlabs.it\/\",\"sameAs\":[],\"logo\":{\"@type\":\"ImageObject\",\"@id\":\"http:\/\/thondo.avlabs.it\/#logo\",\"inLanguage\":\"it-IT\",\"url\":\"\",\"caption\":\"Iridio\"},\"image\":{\"@id\":\"http:\/\/thondo.avlabs.it\/#logo\"}},{\"@type\":\"WebSite\",\"@id\":\"http:\/\/thondo.avlabs.it\/#website\",\"url\":\"http:\/\/thondo.avlabs.it\/\",\"name\":\"SPATIA\",\"description\":\"Diamo forma al tuo spazio\",\"publisher\":{\"@id\":\"http:\/\/thondo.avlabs.it\/#organization\"},\"potentialAction\":[{\"@type\":\"SearchAction\",\"target\":\"http:\/\/thondo.avlabs.it\/?s={search_term_string}\",\"query-input\":\"required name=search_term_string\"}],\"inLanguage\":\"it-IT\"},{\"@type\":\"WebPage\",\"@id\":\"https:\/\/www.spatia.it\/ita\/internazionalizzazione\/#webpage\",\"url\":\"https:\/\/www.spatia.it\/ita\/internazionalizzazione\/\",\"name\":\"Internazionalizzazione - SPATIA\",\"isPartOf\":{\"@id\":\"http:\/\/thondo.avlabs.it\/#website\"},\"datePublished\":\"2021-09-06T10:03:46+00:00\",\"dateModified\":\"2021-09-17T10:04:37+00:00\",\"breadcrumb\":{\"@id\":\"https:\/\/www.spatia.it\/ita\/internazionalizzazione\/#breadcrumb\"},\"inLanguage\":\"it-IT\",\"potentialAction\":[{\"@type\":\"ReadAction\",\"target\":[\"https:\/\/www.spatia.it\/ita\/internazionalizzazione\/\"]}]},{\"@type\":\"BreadcrumbList\",\"@id\":\"https:\/\/www.spatia.it\/ita\/internazionalizzazione\/#breadcrumb\",\"itemListElement\":[{\"@type\":\"ListItem\",\"position\":1,\"item\":{\"@type\":\"WebPage\",\"@id\":\"https:\/\/www.spatia.it\/ita\/\",\"url\":\"https:\/\/www.spatia.it\/ita\/\",\"name\":\"Home\"}},{\"@type\":\"ListItem\",\"position\":2,\"item\":{\"@type\":\"WebPage\",\"@id\":\"https:\/\/www.spatia.it\/ita\/internazionalizzazione\/\",\"url\":\"https:\/\/www.spatia.it\/ita\/internazionalizzazione\/\",\"name\":\"Internazionalizzazione\"}}]}]}<\/script>\n<!-- \/ Yoast SEO plugin. -->","_links":{"self":[{"href":"https:\/\/www.spatia.it\/ita\/wp-json\/wp\/v2\/pages\/2258"}],"collection":[{"href":"https:\/\/www.spatia.it\/ita\/wp-json\/wp\/v2\/pages"}],"about":[{"href":"https:\/\/www.spatia.it\/ita\/wp-json\/wp\/v2\/types\/page"}],"author":[{"embeddable":true,"href":"https:\/\/www.spatia.it\/ita\/wp-json\/wp\/v2\/users\/1"}],"replies":[{"embeddable":true,"href":"https:\/\/www.spatia.it\/ita\/wp-json\/wp\/v2\/comments?post=2258"}],"version-history":[{"count":32,"href":"https:\/\/www.spatia.it\/ita\/wp-json\/wp\/v2\/pages\/2258\/revisions"}],"predecessor-version":[{"id":2298,"href":"https:\/\/www.spatia.it\/ita\/wp-json\/wp\/v2\/pages\/2258\/revisions\/2298"}],"wp:attachment":[{"href":"https:\/\/www.spatia.it\/ita\/wp-json\/wp\/v2\/media?parent=2258"}],"curies":[{"name":"wp","href":"https:\/\/api.w.org\/{rel}","templated":true}]}}