 {"id":2350,"date":"2022-12-29T11:14:34","date_gmt":"2022-12-29T10:14:34","guid":{"rendered":"https:\/\/www.spatia.it\/ita\/?page_id=2350"},"modified":"2023-04-13T16:34:01","modified_gmt":"2023-04-13T14:34:01","slug":"cassiopea-space-divider","status":"publish","type":"page","link":"https:\/\/www.spatia.it\/ita\/cassiopea-space-divider\/","title":{"rendered":"Cassiopea &#8211; space divider"},"content":{"rendered":"<p>[vc_row full_width=&#8221;stretch_row_content&#8221; css=&#8221;.vc_custom_1681296300795{margin-top: 0px !important;padding-top: 80px !important;background-image: url(https:\/\/www.spatia.it\/ita\/wp-content\/uploads\/2022\/12\/spatia-header-prodotto-cassipea.jpg?id=2356) !important;background-position: center !important;background-repeat: no-repeat !important;background-size: cover !important;}&#8221;][vc_column width=&#8221;1\/6&#8243; css=&#8221;.vc_custom_1595410603429{margin-top: 0px !important;padding-top: 0px !important;}&#8221;][\/vc_column][vc_column width=&#8221;1\/4&#8243;][vc_column_text]<\/p>\n<h1 style=\"font-size: 80px !important;\">CASSIOPEA<\/h1>\n<p>&nbsp;<\/p>\n<h6 style=\"font-size: 40px !important;\">space divider<\/h6>\n<p>&nbsp;<\/p>\n<p>Design Spatia Lab<\/p>\n<p>&nbsp;[\/vc_column_text][vc_column_text css=&#8221;.vc_custom_1672314489876{padding-top: 90px !important;}&#8221;]UNA REGINA PER IL TUO SPAZIO<\/p>\n<p><strong>Cassiopea<\/strong> si porta dietro tutta l\u2019importanza e la regalit\u00e0 del suo nome, anche nel modello di SPATIA. Con questo mobile componibile, potrai personalizzare il tuo spazio per venire incontro alle tue esigenze come meglio preferisci. Un arredo modulare che offre la possibilit\u00e0 di separare i vari spazi del tuo living, come un diaframma fra le diverse zone della casa.<\/p>\n<p>Un prodotto importante come la galassia da cui prende il nome, ma che in poco tempo diventer\u00e0 l\u2019elemento imprescindibile per costruire l\u2019identit\u00e0 del tuo ambiente.[\/vc_column_text]<style type=\"text\/css\" data-type=\"the7_shortcodes-inline-css\">#default-btn-cd88c3c0fbc05f26529fa09321f7cbf1 {\n  border-radius: 1px;\n  font-size: 14px;\n  line-height: 16px;\n}\n.btn-shadow#default-btn-cd88c3c0fbc05f26529fa09321f7cbf1 {\n  box-shadow: 0 1px 6px rgba(0,0,0,0.12);\n  transition: box-shadow 0.2s ease-out, opacity 0.45s;\n}\n.btn-shadow#default-btn-cd88c3c0fbc05f26529fa09321f7cbf1:hover {\n  box-shadow: 0 5px 11px 0 rgba(0,0,0,0.18), 0 4px 15px 0 rgba(0,0,0,0.15);\n}\n.btn-3d#default-btn-cd88c3c0fbc05f26529fa09321f7cbf1 {\n  box-shadow: 0px 2px 0px 0px #a3a3a3;\n}\n.btn-3d#default-btn-cd88c3c0fbc05f26529fa09321f7cbf1:hover {\n  box-shadow: 0px 2px 0px 0px #a3a3a3;\n}\n.btn-flat#default-btn-cd88c3c0fbc05f26529fa09321f7cbf1 {\n  box-shadow: none;\n}\n.btn-flat#default-btn-cd88c3c0fbc05f26529fa09321f7cbf1:hover {\n  box-shadow: none;\n}\n#default-btn-cd88c3c0fbc05f26529fa09321f7cbf1.ico-right-side > i {\n  margin-right: 0px;\n  margin-left: 8px;\n}\n#default-btn-cd88c3c0fbc05f26529fa09321f7cbf1 > i {\n  margin-right: 8px;\n  font-size: 12px;\n}\n#default-btn-cd88c3c0fbc05f26529fa09321f7cbf1:not(:hover) {\n  border-width: 0px;\n  background: #cbc3b9 !important;\n  padding: 12px 18px 12px 18px;\n}\n#default-btn-cd88c3c0fbc05f26529fa09321f7cbf1:hover {\n  border-width: 0px;\n  background: #cbc3b9 !important;\n  padding: 12px 18px 12px 18px;\n}\n#default-btn-cd88c3c0fbc05f26529fa09321f7cbf1.ico-right-side > i {\n  margin-right: 0px;\n  margin-left: 8px;\n}\n#default-btn-cd88c3c0fbc05f26529fa09321f7cbf1 > i {\n  margin-right: 8px;\n}\n#default-btn-cd88c3c0fbc05f26529fa09321f7cbf1 * {\n  vertical-align: middle;\n}\n<\/style><a href=\"#configurazione\" class=\"default-btn-shortcode dt-btn btn-hover-off link-hover-off ico-right-side anchor-link btn-inline-left btn-flat  vc_custom_1672314520181\" id=\"default-btn-cd88c3c0fbc05f26529fa09321f7cbf1\"><span>SCOPRI LE CONFIGURAZIONI<\/span><i class=\"Defaults-long-arrow-right\"><\/i><\/a>[\/vc_column][vc_column width=&#8221;1\/2&#8243;][vc_single_image image=&#8221;2353&#8243; img_size=&#8221;full&#8221; alignment=&#8221;center&#8221; css=&#8221;.vc_custom_1672309065601{margin-right: 0px !important;margin-left: 0px !important;padding-right: 0px !important;padding-left: 0px !important;}&#8221;][\/vc_column][\/vc_row][vc_row full_width=&#8221;stretch_row&#8221; equal_height=&#8221;yes&#8221; content_placement=&#8221;middle&#8221; bg_type=&#8221;bg_color&#8221; css=&#8221;.vc_custom_1671026780282{margin-top: 0px !important;margin-right: 0px !important;margin-bottom: 0px !important;padding-right: 0px !important;}&#8221; bg_color_value=&#8221;#d6e8ff&#8221;][vc_column width=&#8221;1\/2&#8243; css=&#8221;.vc_custom_1614686502326{padding-right: 40px !important;padding-left: 40px !important;}&#8221;][vc_custom_heading text=&#8221;<b>PRATICIT\u00c0<\/b> E <b>ARMONIA<\/b> AL CENTRO DELL\u2019AMBIENTE&#8221; use_theme_fonts=&#8221;yes&#8221; el_class=&#8221;issue-flag-2&#8243;][vc_column_text css=&#8221;.vc_custom_1672314554697{padding-top: 20px !important;}&#8221;]Il fattore distintivo del modello <strong>Cassiopea<\/strong> \u00e8 sicuramente l\u2019imponenza e la sua capacit\u00e0 di diventare il protagonista del tuo arredo in casa, senza per\u00f2 perdere la sua leggerezza e armoniosit\u00e0. L\u2019eleganza dello stile SPATIA \u00e8 pensata per essere modellata attorno a te, come un lavoro sartoriale realizzato attorno alle tue necessit\u00e0 in modo da ottimizzare ogni centimetro a tua disposizione. Ci siamo prefissati lo scopo di fare del design Made in Italy un\u2019icona di stile senza rinunciare alla praticit\u00e0 e alla concretezza, e <strong>Cassiopea<\/strong> \u00e8 il prodotto perfetto per compiere questa sintesi.[\/vc_column_text][\/vc_column][vc_column width=&#8221;1\/2&#8243; css=&#8221;.vc_custom_1614689616737{margin-top: 0px !important;margin-right: 0px !important;margin-bottom: 0px !important;padding-top: 0px !important;padding-right: 0px !important;}&#8221;][vc_single_image image=&#8221;2363&#8243; img_size=&#8221;full&#8221; css=&#8221;.vc_custom_1672312643258{margin-top: 0px !important;margin-right: 0px !important;margin-bottom: 0px !important;padding-top: 0px !important;}&#8221;][\/vc_column][\/vc_row][vc_row equal_height=&#8221;yes&#8221; content_placement=&#8221;middle&#8221; el_id=&#8221;configurazione&#8221; css=&#8221;.vc_custom_1614702795165{margin-top: 80px !important;}&#8221;][vc_column width=&#8221;1\/2&#8243;][vc_custom_heading text=&#8221;CONFIGURA CASSIOPEA<br \/>\nspace divider&#8221; use_theme_fonts=&#8221;yes&#8221; el_class=&#8221;issue-flag-2&#8243;][vc_column_text css=&#8221;.vc_custom_1672314650593{padding-top: 20px !important;}&#8221;]Per far s\u00ec che <strong>Cassiopea<\/strong> si integri perfettamente con il look del tuo living ti offriamo la possibilit\u00e0 di personalizzare interamente il mobile con la finitura che preferisci.<\/p>\n<p>Per la struttura in ottone \u00e8 possibile scegliere tra le opzioni Verniciato Metallizzato Marrone, Cromato, Protetto o Naturale che per sua natura subisce un lento processo di ossidazione che lo arricchisce nel tempo di un \u201ceffetto vintage\u201d. Mentre per la parte in legno puoi selezionare tra le seguenti finiture: Teak, Rovere, Weng\u00e8 Fiammato, Ebano Makassar, Walnut, Zebrano, Frassino Nero e Laccato Nero Lucido.[\/vc_column_text]<style type=\"text\/css\" data-type=\"the7_shortcodes-inline-css\">#default-btn-5d6f1af0cdb84cda06c6be1d9a3b16ff {\n  border-radius: 1px;\n  font-size: 14px;\n  line-height: 16px;\n}\n.btn-shadow#default-btn-5d6f1af0cdb84cda06c6be1d9a3b16ff {\n  box-shadow: 0 1px 6px rgba(0,0,0,0.12);\n  transition: box-shadow 0.2s ease-out, opacity 0.45s;\n}\n.btn-shadow#default-btn-5d6f1af0cdb84cda06c6be1d9a3b16ff:hover {\n  box-shadow: 0 5px 11px 0 rgba(0,0,0,0.18), 0 4px 15px 0 rgba(0,0,0,0.15);\n}\n.btn-3d#default-btn-5d6f1af0cdb84cda06c6be1d9a3b16ff {\n  box-shadow: 0px 2px 0px 0px #a3a3a3;\n}\n.btn-3d#default-btn-5d6f1af0cdb84cda06c6be1d9a3b16ff:hover {\n  box-shadow: 0px 2px 0px 0px #a3a3a3;\n}\n.btn-flat#default-btn-5d6f1af0cdb84cda06c6be1d9a3b16ff {\n  box-shadow: none;\n}\n.btn-flat#default-btn-5d6f1af0cdb84cda06c6be1d9a3b16ff:hover {\n  box-shadow: none;\n}\n#default-btn-5d6f1af0cdb84cda06c6be1d9a3b16ff.ico-right-side > i {\n  margin-right: 0px;\n  margin-left: 8px;\n}\n#default-btn-5d6f1af0cdb84cda06c6be1d9a3b16ff > i {\n  margin-right: 8px;\n  font-size: 12px;\n}\n#default-btn-5d6f1af0cdb84cda06c6be1d9a3b16ff:not(:hover) {\n  border-width: 0px;\n  background: #cbc3b9 !important;\n  padding: 12px 18px 12px 18px;\n}\n#default-btn-5d6f1af0cdb84cda06c6be1d9a3b16ff:hover {\n  border-width: 0px;\n  background: #cbc3b9 !important;\n  padding: 12px 18px 12px 18px;\n}\n#default-btn-5d6f1af0cdb84cda06c6be1d9a3b16ff.ico-right-side > i {\n  margin-right: 0px;\n  margin-left: 8px;\n}\n#default-btn-5d6f1af0cdb84cda06c6be1d9a3b16ff > i {\n  margin-right: 8px;\n}\n#default-btn-5d6f1af0cdb84cda06c6be1d9a3b16ff * {\n  vertical-align: middle;\n}\n<\/style><a href=\"https:\/\/www.spatia.it\/ita\/materiali\/\" class=\"default-btn-shortcode dt-btn btn-hover-off link-hover-off ico-right-side btn-inline-left btn-flat \" id=\"default-btn-5d6f1af0cdb84cda06c6be1d9a3b16ff\"><span>GUARDA I MATERIALI<\/span><i class=\"Defaults-long-arrow-right\"><\/i><\/a>[\/vc_column][vc_column width=&#8221;1\/2&#8243;][vc_single_image image=&#8221;2354&#8243; img_size=&#8221;full&#8221; alignment=&#8221;center&#8221;][vc_custom_heading text=&#8221;<b>CASSIOPEA<\/b>&#8221; use_theme_fonts=&#8221;yes&#8221; el_class=&#8221;issue-flag&#8221; css=&#8221;.vc_custom_1672309306146{padding-bottom: 30px !important;}&#8221;][vc_accordion active_tab=&#8221;false&#8221; collapsible=&#8221;yes&#8221; title_size=&#8221;h4&#8243; style=&#8221;2&#8243;][vc_accordion_tab title=&#8221;Dettagli&#8221;][vc_single_image image=&#8221;2359&#8243; img_size=&#8221;full&#8221; onclick=&#8221;zoom&#8221;][\/vc_accordion_tab][\/vc_accordion]<style type=\"text\/css\" data-type=\"the7_shortcodes-inline-css\">#default-btn-6611b46f56aabf48c3c063ce25d587d3 {\n  border-radius: 1px;\n  font-size: 14px;\n  line-height: 16px;\n}\n.btn-shadow#default-btn-6611b46f56aabf48c3c063ce25d587d3 {\n  box-shadow: 0 1px 6px rgba(0,0,0,0.12);\n  transition: box-shadow 0.2s ease-out, opacity 0.45s;\n}\n.btn-shadow#default-btn-6611b46f56aabf48c3c063ce25d587d3:hover {\n  box-shadow: 0 5px 11px 0 rgba(0,0,0,0.18), 0 4px 15px 0 rgba(0,0,0,0.15);\n}\n.btn-3d#default-btn-6611b46f56aabf48c3c063ce25d587d3 {\n  box-shadow: 0px 2px 0px 0px #d8d3ca;\n}\n.btn-3d#default-btn-6611b46f56aabf48c3c063ce25d587d3:hover {\n  box-shadow: 0px 2px 0px 0px #d8d3ca;\n}\n.btn-flat#default-btn-6611b46f56aabf48c3c063ce25d587d3 {\n  box-shadow: none;\n}\n.btn-flat#default-btn-6611b46f56aabf48c3c063ce25d587d3:hover {\n  box-shadow: none;\n}\n#default-btn-6611b46f56aabf48c3c063ce25d587d3.ico-right-side > i {\n  margin-right: 0px;\n  margin-left: 8px;\n}\n#default-btn-6611b46f56aabf48c3c063ce25d587d3 > i {\n  margin-right: 8px;\n  font-size: 12px;\n}\n#default-btn-6611b46f56aabf48c3c063ce25d587d3:not(:hover) {\n  border-width: 0px;\n  background: #f5f1ea !important;\n  padding: 12px 18px 12px 18px;\n}\n#default-btn-6611b46f56aabf48c3c063ce25d587d3:hover {\n  border-width: 0px;\n  background: #f5f1ea !important;\n  padding: 12px 18px 12px 18px;\n}\n#default-btn-6611b46f56aabf48c3c063ce25d587d3.ico-right-side > i {\n  margin-right: 0px;\n  margin-left: 8px;\n}\n#default-btn-6611b46f56aabf48c3c063ce25d587d3 > i {\n  margin-right: 8px;\n}\n#default-btn-6611b46f56aabf48c3c063ce25d587d3 * {\n  vertical-align: middle;\n}\n<\/style><a href=\"https:\/\/www.spatia.it\/ita\/wp-content\/uploads\/2023\/01\/SD01-Cassiopea-spatia-scheda-tecnica.pdf\" class=\"default-btn-shortcode dt-btn btn-hover-off link-hover-off ico-right-side btn-inline-left btn-flat \" target=\"_blank\" id=\"default-btn-6611b46f56aabf48c3c063ce25d587d3\" rel=\"noopener\"><span>SCARICA LA SCHEDA TECNICA<\/span><i class=\"Defaults-long-arrow-right\"><\/i><\/a><style type=\"text\/css\" data-type=\"the7_shortcodes-inline-css\">#default-btn-03a473456d5728afa53d70d27c6a1c36 {\n  border-radius: 1px;\n  font-size: 14px;\n  line-height: 16px;\n}\n.btn-shadow#default-btn-03a473456d5728afa53d70d27c6a1c36 {\n  box-shadow: 0 1px 6px rgba(0,0,0,0.12);\n  transition: box-shadow 0.2s ease-out, opacity 0.45s;\n}\n.btn-shadow#default-btn-03a473456d5728afa53d70d27c6a1c36:hover {\n  box-shadow: 0 5px 11px 0 rgba(0,0,0,0.18), 0 4px 15px 0 rgba(0,0,0,0.15);\n}\n.btn-3d#default-btn-03a473456d5728afa53d70d27c6a1c36 {\n  box-shadow: 0px 2px 0px 0px #a3a3a3;\n}\n.btn-3d#default-btn-03a473456d5728afa53d70d27c6a1c36:hover {\n  box-shadow: 0px 2px 0px 0px #a3a3a3;\n}\n.btn-flat#default-btn-03a473456d5728afa53d70d27c6a1c36 {\n  box-shadow: none;\n}\n.btn-flat#default-btn-03a473456d5728afa53d70d27c6a1c36:hover {\n  box-shadow: none;\n}\n#default-btn-03a473456d5728afa53d70d27c6a1c36.ico-right-side > i {\n  margin-right: 0px;\n  margin-left: 8px;\n}\n#default-btn-03a473456d5728afa53d70d27c6a1c36 > i {\n  margin-right: 8px;\n  font-size: 12px;\n}\n#default-btn-03a473456d5728afa53d70d27c6a1c36:not(:hover) {\n  border-width: 0px;\n  background: #cbc3b9 !important;\n  padding: 12px 18px 12px 18px;\n}\n#default-btn-03a473456d5728afa53d70d27c6a1c36:hover {\n  border-width: 0px;\n  background: #cbc3b9 !important;\n  padding: 12px 18px 12px 18px;\n}\n#default-btn-03a473456d5728afa53d70d27c6a1c36.ico-right-side > i {\n  margin-right: 0px;\n  margin-left: 8px;\n}\n#default-btn-03a473456d5728afa53d70d27c6a1c36 > i {\n  margin-right: 8px;\n}\n#default-btn-03a473456d5728afa53d70d27c6a1c36 * {\n  vertical-align: middle;\n}\n<\/style><a href=\"https:\/\/www.spatia.it\/prodotto\/cassiopea-space-divider\/\" class=\"default-btn-shortcode dt-btn btn-hover-off link-hover-off ico-right-side btn-inline-left btn-flat \" id=\"default-btn-03a473456d5728afa53d70d27c6a1c36\"><span>CONFIGURA<\/span><i class=\"Defaults-long-arrow-right\"><\/i><\/a>[\/vc_column][\/vc_row][vc_row full_width=&#8221;stretch_row&#8221; equal_height=&#8221;yes&#8221; content_placement=&#8221;middle&#8221; bg_type=&#8221;bg_color&#8221; css=&#8221;.vc_custom_1672242767577{margin-top: 80px !important;margin-right: 0px !important;margin-bottom: 0px !important;padding-right: 0px !important;}&#8221; bg_color_value=&#8221;#e5f2ff&#8221;][vc_column width=&#8221;2\/6&#8243; css=&#8221;.vc_custom_1672242806407{margin-top: 40px !important;padding-top: 0px !important;padding-right: 40px !important;padding-bottom: 0px !important;padding-left: 40px !important;}&#8221;][vc_custom_heading text=&#8221;OTTIENI DI PI\u00d9<br \/>\nDAL <b>TUO SPAZIO<\/b>&#8221; use_theme_fonts=&#8221;yes&#8221; el_class=&#8221;issue-flag-2&#8243;][vc_column_text css=&#8221;.vc_custom_1672314758223{padding-top: 30px !important;}&#8221;]<b>SPATIA<\/b>\u00a0risponde alle esigenze del tuo carattere. Scopri cosa chiede il tuo ambiente, e personalizza il tuo oggetto d\u2019arredo dandogli l\u2019anima che preferisci. Scegli tra le diverse essenze di legno, le tipologie di ripiani e i vari materiali della struttura portante.[\/vc_column_text]<style type=\"text\/css\" data-type=\"the7_shortcodes-inline-css\">#default-btn-d8814c011386013a461c7321f9ccd5de {\n  border-radius: 1px;\n  font-size: 14px;\n  line-height: 16px;\n}\n.btn-shadow#default-btn-d8814c011386013a461c7321f9ccd5de {\n  box-shadow: 0 1px 6px rgba(0,0,0,0.12);\n  transition: box-shadow 0.2s ease-out, opacity 0.45s;\n}\n.btn-shadow#default-btn-d8814c011386013a461c7321f9ccd5de:hover {\n  box-shadow: 0 5px 11px 0 rgba(0,0,0,0.18), 0 4px 15px 0 rgba(0,0,0,0.15);\n}\n.btn-3d#default-btn-d8814c011386013a461c7321f9ccd5de {\n  box-shadow: 0px 2px 0px 0px #a3a3a3;\n}\n.btn-3d#default-btn-d8814c011386013a461c7321f9ccd5de:hover {\n  box-shadow: 0px 2px 0px 0px #a3a3a3;\n}\n.btn-flat#default-btn-d8814c011386013a461c7321f9ccd5de {\n  box-shadow: none;\n}\n.btn-flat#default-btn-d8814c011386013a461c7321f9ccd5de:hover {\n  box-shadow: none;\n}\n#default-btn-d8814c011386013a461c7321f9ccd5de.ico-right-side > i {\n  margin-right: 0px;\n  margin-left: 8px;\n}\n#default-btn-d8814c011386013a461c7321f9ccd5de > i {\n  margin-right: 8px;\n  font-size: 12px;\n}\n#default-btn-d8814c011386013a461c7321f9ccd5de:not(:hover) {\n  border-width: 0px;\n  background: #cbc3b9 !important;\n  padding: 12px 18px 12px 18px;\n}\n#default-btn-d8814c011386013a461c7321f9ccd5de:hover {\n  border-width: 0px;\n  background: #cbc3b9 !important;\n  padding: 12px 18px 12px 18px;\n}\n#default-btn-d8814c011386013a461c7321f9ccd5de.ico-right-side > i {\n  margin-right: 0px;\n  margin-left: 8px;\n}\n#default-btn-d8814c011386013a461c7321f9ccd5de > i {\n  margin-right: 8px;\n}\n#default-btn-d8814c011386013a461c7321f9ccd5de * {\n  vertical-align: middle;\n}\n<\/style><a href=\"http:\/\/www.spatia.it\/survey-che-spatia-sei\" class=\"default-btn-shortcode dt-btn btn-hover-off link-hover-off ico-right-side btn-inline-left btn-flat \" id=\"default-btn-d8814c011386013a461c7321f9ccd5de\"><span>SCOPRI CHE SPATIA SEI<\/span><i class=\"Defaults-long-arrow-right\"><\/i><\/a>[\/vc_column][vc_column width=&#8221;4\/6&#8243; css=&#8221;.vc_custom_1672242773371{margin-top: 0px !important;margin-right: 0px !important;margin-bottom: 0px !important;padding-top: 0px !important;padding-right: 0px !important;padding-bottom: 0px !important;}&#8221;][vc_video link=&#8221;https:\/\/vimeo.com\/784794653&#8243; css=&#8221;.vc_custom_1672243058783{margin-bottom: -20px !important;}&#8221;][\/vc_column][\/vc_row][vc_row full_width=&#8221;stretch_row&#8221; equal_height=&#8221;yes&#8221; content_placement=&#8221;middle&#8221; bg_type=&#8221;bg_color&#8221;][vc_column width=&#8221;1\/2&#8243;][vc_single_image image=&#8221;1205&#8243; img_size=&#8221;full&#8221;][\/vc_column][vc_column width=&#8221;1\/2&#8243; css=&#8221;.vc_custom_1614686502326{padding-right: 40px !important;padding-left: 40px !important;}&#8221;][vc_custom_heading text=&#8221;ENTRA A FAR PARTE<br \/>\nDEL <b>CLUB SPATIA<\/b>&#8221; use_theme_fonts=&#8221;yes&#8221; el_class=&#8221;issue-flag-2&#8243;][vc_column_text css=&#8221;.vc_custom_1672314789800{padding-top: 20px !important;}&#8221;]Acquistando\u00a0<b>CASSIOPEA<\/b>\u00a0riceverai in omaggio la\u00a0<b>SPATIA Exclusive Card<\/b>\u00a0che ti consentir\u00e0 di accedere a esclusivi servizi e sconti a te dedicati.[\/vc_column_text]<div class=\"standard-arrow list-divider bullet-top\"><ul>\n<li>INVITO PREFERENZIALE AD EVENTI ESCLUSIVI SPATIA<\/li>\n<li>INVITO PREFERENZIALE A PROMOZIONI E PREVIEW SPATIA<\/li>\n<li>INVIO CATALOGO ESCLUSIVO HOME ITALIA<\/li>\n<li>SCONTO DEL 15% SU OGNI NUOVO ORDINE SPATIA<\/li>\n<\/ul>\n<\/div>[\/vc_column][\/vc_row][vc_row css=&#8221;.vc_custom_1614695436120{margin-top: 30px !important;margin-bottom: 30px !important;}&#8221;][vc_column width=&#8221;1\/4&#8243;][\/vc_column][vc_column width=&#8221;1\/2&#8243;][vc_column_text]<\/p>\n<h6 style=\"text-align: center; color: #000000; font-size: 30px !important; line-height: 35px !important; font-weight: 200;\"><em>\u201cRicordatevi di guardare le stelle e non i vostri piedi.\u201d<\/em><\/h6>\n<h6 style=\"text-align: center; color: #000000; font-weight: 200;\">Stephen Hawking<\/h6>\n<p>[\/vc_column_text][\/vc_column][vc_column width=&#8221;1\/4&#8243;][\/vc_column][\/vc_row]<\/p>\n","protected":false},"excerpt":{"rendered":"<p>[vc_row full_width=&#8221;stretch_row_content&#8221; css=&#8221;.vc_custom_1681296300795{margin-top: 0px !important;padding-top: 80px !important;background-image: url(https:\/\/www.spatia.it\/ita\/wp-content\/uploads\/2022\/12\/spatia-header-prodotto-cassipea.jpg?id=2356) !important;background-position: center !important;background-repeat: no-repeat !important;background-size: cover !important;}&#8221;][vc_column width=&#8221;1\/6&#8243; css=&#8221;.vc_custom_1595410603429{margin-top: 0px !important;padding-top: 0px !important;}&#8221;][\/vc_column][vc_column width=&#8221;1\/4&#8243;][vc_column_text] CASSIOPEA &nbsp; space divider &nbsp; Design Spatia Lab &nbsp;[\/vc_column_text][vc_column_text css=&#8221;.vc_custom_1672314489876{padding-top: 90px !important;}&#8221;]UNA REGINA PER IL TUO SPAZIO Cassiopea si porta dietro tutta l\u2019importanza e la regalit\u00e0 del suo nome, anche nel modello di&hellip;<\/p>\n","protected":false},"author":1,"featured_media":0,"parent":0,"menu_order":0,"comment_status":"closed","ping_status":"closed","template":"","meta":[],"yoast_head":"<!-- This site is optimized with the Yoast SEO plugin v16.0 - https:\/\/yoast.com\/wordpress\/plugins\/seo\/ -->\n<title>Cassiopea - space divider - SPATIA<\/title>\n<meta property=\"og:locale\" content=\"it_IT\" \/>\n<meta property=\"og:type\" content=\"article\" \/>\n<meta property=\"og:title\" content=\"Cassiopea - space divider - SPATIA\" \/>\n<meta property=\"og:description\" content=\"[vc_row full_width=&#8221;stretch_row_content&#8221; css=&#8221;.vc_custom_1681296300795{margin-top: 0px !important;padding-top: 80px !important;background-image: url(https:\/\/www.spatia.it\/ita\/wp-content\/uploads\/2022\/12\/spatia-header-prodotto-cassipea.jpg?id=2356) !important;background-position: center !important;background-repeat: no-repeat !important;background-size: cover !important;}&#8221;][vc_column width=&#8221;1\/6&#8243; css=&#8221;.vc_custom_1595410603429{margin-top: 0px !important;padding-top: 0px !important;}&#8221;][\/vc_column][vc_column width=&#8221;1\/4&#8243;][vc_column_text] CASSIOPEA &nbsp; space divider &nbsp; Design Spatia Lab &nbsp;[\/vc_column_text][vc_column_text css=&#8221;.vc_custom_1672314489876{padding-top: 90px !important;}&#8221;]UNA REGINA PER IL TUO SPAZIO Cassiopea si porta dietro tutta l\u2019importanza e la regalit\u00e0 del suo nome, anche nel modello di&hellip;\" \/>\n<meta property=\"og:url\" content=\"https:\/\/www.spatia.it\/ita\/cassiopea-space-divider\/\" \/>\n<meta property=\"og:site_name\" content=\"SPATIA\" \/>\n<meta property=\"article:modified_time\" content=\"2023-04-13T14:34:01+00:00\" \/>\n<meta name=\"twitter:card\" content=\"summary_large_image\" \/>\n<meta name=\"twitter:label1\" content=\"Tempo di lettura stimato\">\n\t<meta name=\"twitter:data1\" content=\"3 minuti\">\n<script type=\"application\/ld+json\" class=\"yoast-schema-graph\">{\"@context\":\"https:\/\/schema.org\",\"@graph\":[{\"@type\":\"Organization\",\"@id\":\"http:\/\/thondo.avlabs.it\/#organization\",\"name\":\"Iridio\",\"url\":\"http:\/\/thondo.avlabs.it\/\",\"sameAs\":[],\"logo\":{\"@type\":\"ImageObject\",\"@id\":\"http:\/\/thondo.avlabs.it\/#logo\",\"inLanguage\":\"it-IT\",\"url\":\"\",\"caption\":\"Iridio\"},\"image\":{\"@id\":\"http:\/\/thondo.avlabs.it\/#logo\"}},{\"@type\":\"WebSite\",\"@id\":\"http:\/\/thondo.avlabs.it\/#website\",\"url\":\"http:\/\/thondo.avlabs.it\/\",\"name\":\"SPATIA\",\"description\":\"Diamo forma al tuo spazio\",\"publisher\":{\"@id\":\"http:\/\/thondo.avlabs.it\/#organization\"},\"potentialAction\":[{\"@type\":\"SearchAction\",\"target\":\"http:\/\/thondo.avlabs.it\/?s={search_term_string}\",\"query-input\":\"required name=search_term_string\"}],\"inLanguage\":\"it-IT\"},{\"@type\":\"WebPage\",\"@id\":\"https:\/\/www.spatia.it\/ita\/cassiopea-space-divider\/#webpage\",\"url\":\"https:\/\/www.spatia.it\/ita\/cassiopea-space-divider\/\",\"name\":\"Cassiopea - space divider - SPATIA\",\"isPartOf\":{\"@id\":\"http:\/\/thondo.avlabs.it\/#website\"},\"datePublished\":\"2022-12-29T10:14:34+00:00\",\"dateModified\":\"2023-04-13T14:34:01+00:00\",\"breadcrumb\":{\"@id\":\"https:\/\/www.spatia.it\/ita\/cassiopea-space-divider\/#breadcrumb\"},\"inLanguage\":\"it-IT\",\"potentialAction\":[{\"@type\":\"ReadAction\",\"target\":[\"https:\/\/www.spatia.it\/ita\/cassiopea-space-divider\/\"]}]},{\"@type\":\"BreadcrumbList\",\"@id\":\"https:\/\/www.spatia.it\/ita\/cassiopea-space-divider\/#breadcrumb\",\"itemListElement\":[{\"@type\":\"ListItem\",\"position\":1,\"item\":{\"@type\":\"WebPage\",\"@id\":\"https:\/\/www.spatia.it\/ita\/\",\"url\":\"https:\/\/www.spatia.it\/ita\/\",\"name\":\"Home\"}},{\"@type\":\"ListItem\",\"position\":2,\"item\":{\"@type\":\"WebPage\",\"@id\":\"https:\/\/www.spatia.it\/ita\/cassiopea-space-divider\/\",\"url\":\"https:\/\/www.spatia.it\/ita\/cassiopea-space-divider\/\",\"name\":\"Cassiopea &#8211; space divider\"}}]}]}<\/script>\n<!-- \/ Yoast SEO plugin. -->","_links":{"self":[{"href":"https:\/\/www.spatia.it\/ita\/wp-json\/wp\/v2\/pages\/2350"}],"collection":[{"href":"https:\/\/www.spatia.it\/ita\/wp-json\/wp\/v2\/pages"}],"about":[{"href":"https:\/\/www.spatia.it\/ita\/wp-json\/wp\/v2\/types\/page"}],"author":[{"embeddable":true,"href":"https:\/\/www.spatia.it\/ita\/wp-json\/wp\/v2\/users\/1"}],"replies":[{"embeddable":true,"href":"https:\/\/www.spatia.it\/ita\/wp-json\/wp\/v2\/comments?post=2350"}],"version-history":[{"count":14,"href":"https:\/\/www.spatia.it\/ita\/wp-json\/wp\/v2\/pages\/2350\/revisions"}],"predecessor-version":[{"id":2443,"href":"https:\/\/www.spatia.it\/ita\/wp-json\/wp\/v2\/pages\/2350\/revisions\/2443"}],"wp:attachment":[{"href":"https:\/\/www.spatia.it\/ita\/wp-json\/wp\/v2\/media?parent=2350"}],"curies":[{"name":"wp","href":"https:\/\/api.w.org\/{rel}","templated":true}]}}