 {"id":2369,"date":"2023-01-02T11:46:29","date_gmt":"2023-01-02T10:46:29","guid":{"rendered":"https:\/\/www.spatia.it\/ita\/?page_id=2369"},"modified":"2023-04-13T16:33:53","modified_gmt":"2023-04-13T14:33:53","slug":"orion-cachepot","status":"publish","type":"page","link":"https:\/\/www.spatia.it\/ita\/orion-cachepot\/","title":{"rendered":"Orion &#8211; cachepot"},"content":{"rendered":"<p>[vc_row full_width=&#8221;stretch_row_content&#8221; css=&#8221;.vc_custom_1681296284671{margin-top: 0px !important;padding-top: 80px !important;background-image: url(https:\/\/www.spatia.it\/ita\/wp-content\/uploads\/2023\/01\/spatia-header-prodotto-orion.jpg?id=2374) !important;background-position: center !important;background-repeat: no-repeat !important;background-size: cover !important;}&#8221;][vc_column width=&#8221;1\/6&#8243; css=&#8221;.vc_custom_1595410603429{margin-top: 0px !important;padding-top: 0px !important;}&#8221;][\/vc_column][vc_column width=&#8221;1\/4&#8243;][vc_column_text]<\/p>\n<h1 style=\"font-size: 80px !important;\">ORION<\/h1>\n<p>&nbsp;<\/p>\n<h6 style=\"font-size: 40px !important;\">cachepot<\/h6>\n<p>&nbsp;<\/p>\n<p>Design Spatia Lab<\/p>\n<p>&nbsp;[\/vc_column_text][vc_column_text css=&#8221;.vc_custom_1672657058109{padding-top: 90px !important;}&#8221;]SEMPLICE ESSENZIALIT\u00c0 PER IL TUO LIVING<\/p>\n<p>Orione, con la sua leggendaria \u201ccintura\u201d, \u00e8 da sempre uno dei punti di riferimento fra gli astri nelle notti stellate. Fin dall\u2019antichit\u00e0 \u00e8 stata ritenuta una delle galassie pi\u00f9 riconoscibili ed oggi \u00e8 proprio a partire da questa caratteristica peculiare che SPATIA riprende la semplicit\u00e0 delle linee di <strong>Orion<\/strong>.<\/p>\n<p>Potrai liberamente comporre in altezza e diametro i tre elementi del mobile, rendendoli i punti fermi attorno ai quali ruoter\u00e0 l\u2019armonia della stanza. Tre, esattamente come gli astri presenti al centro di Orione.[\/vc_column_text]<style type=\"text\/css\" data-type=\"the7_shortcodes-inline-css\">#default-btn-3f74230b7e651da1b25771402219fc8a {\n  border-radius: 1px;\n  font-size: 14px;\n  line-height: 16px;\n}\n.btn-shadow#default-btn-3f74230b7e651da1b25771402219fc8a {\n  box-shadow: 0 1px 6px rgba(0,0,0,0.12);\n  transition: box-shadow 0.2s ease-out, opacity 0.45s;\n}\n.btn-shadow#default-btn-3f74230b7e651da1b25771402219fc8a:hover {\n  box-shadow: 0 5px 11px 0 rgba(0,0,0,0.18), 0 4px 15px 0 rgba(0,0,0,0.15);\n}\n.btn-3d#default-btn-3f74230b7e651da1b25771402219fc8a {\n  box-shadow: 0px 2px 0px 0px #a3a3a3;\n}\n.btn-3d#default-btn-3f74230b7e651da1b25771402219fc8a:hover {\n  box-shadow: 0px 2px 0px 0px #a3a3a3;\n}\n.btn-flat#default-btn-3f74230b7e651da1b25771402219fc8a {\n  box-shadow: none;\n}\n.btn-flat#default-btn-3f74230b7e651da1b25771402219fc8a:hover {\n  box-shadow: none;\n}\n#default-btn-3f74230b7e651da1b25771402219fc8a.ico-right-side > i {\n  margin-right: 0px;\n  margin-left: 8px;\n}\n#default-btn-3f74230b7e651da1b25771402219fc8a > i {\n  margin-right: 8px;\n  font-size: 12px;\n}\n#default-btn-3f74230b7e651da1b25771402219fc8a:not(:hover) {\n  border-width: 0px;\n  background: #cbc3b9 !important;\n  padding: 12px 18px 12px 18px;\n}\n#default-btn-3f74230b7e651da1b25771402219fc8a:hover {\n  border-width: 0px;\n  background: #cbc3b9 !important;\n  padding: 12px 18px 12px 18px;\n}\n#default-btn-3f74230b7e651da1b25771402219fc8a.ico-right-side > i {\n  margin-right: 0px;\n  margin-left: 8px;\n}\n#default-btn-3f74230b7e651da1b25771402219fc8a > i {\n  margin-right: 8px;\n}\n#default-btn-3f74230b7e651da1b25771402219fc8a * {\n  vertical-align: middle;\n}\n<\/style><a href=\"#configurazione\" class=\"default-btn-shortcode dt-btn btn-hover-off link-hover-off ico-right-side anchor-link btn-inline-left btn-flat  vc_custom_1672657080172\" id=\"default-btn-3f74230b7e651da1b25771402219fc8a\"><span>SCOPRI LE CONFIGURAZIONI<\/span><i class=\"Defaults-long-arrow-right\"><\/i><\/a>[\/vc_column][vc_column width=&#8221;1\/2&#8243;][vc_single_image image=&#8221;2373&#8243; img_size=&#8221;full&#8221; alignment=&#8221;center&#8221; css=&#8221;.vc_custom_1672657190424{margin-right: 0px !important;margin-left: 0px !important;padding-right: 0px !important;padding-left: 0px !important;}&#8221;][\/vc_column][\/vc_row][vc_row full_width=&#8221;stretch_row&#8221; equal_height=&#8221;yes&#8221; content_placement=&#8221;middle&#8221; bg_type=&#8221;bg_color&#8221; css=&#8221;.vc_custom_1671102551316{margin-top: 0px !important;margin-right: 0px !important;margin-bottom: 0px !important;padding-right: 0px !important;}&#8221; bg_color_value=&#8221;#ffe8ed&#8221;][vc_column width=&#8221;1\/2&#8243; css=&#8221;.vc_custom_1614686502326{padding-right: 40px !important;padding-left: 40px !important;}&#8221;][vc_custom_heading text=&#8221;RAFFINATA<br \/>\n<b>CONCRETEZZA<\/b>&#8221; use_theme_fonts=&#8221;yes&#8221; el_class=&#8221;issue-flag-2&#8243;][vc_column_text css=&#8221;.vc_custom_1672657119819{padding-top: 20px !important;}&#8221;]I prodotti di SPATIA sono pensati per essere funzionali e accattivanti, senza per\u00f2 tradire il valore dell\u2019eleganza e della linearit\u00e0, come potrai apprezzare nel modello <strong>Orion. <\/strong>I diversi modelli si integrano per formare un ambiente in grado di esprimere la tua personalit\u00e0 con forza, facendo del tuo living un luogo in cui rispecchiarti al meglio. Abbiamo tenuto fede al principio sempre valido del <em>less is more<\/em> perch\u00e9 quando si parla di qualit\u00e0 non scendiamo a compromessi e ci accertiamo che ogni singolo prodotto rappresenti un\u2019eccellenza di design: non \u00e8 minimalismo, \u00e8 cura dei dettagli.[\/vc_column_text][\/vc_column][vc_column width=&#8221;1\/2&#8243; css=&#8221;.vc_custom_1614689616737{margin-top: 0px !important;margin-right: 0px !important;margin-bottom: 0px !important;padding-top: 0px !important;padding-right: 0px !important;}&#8221;][vc_single_image image=&#8221;2372&#8243; img_size=&#8221;full&#8221; css=&#8221;.vc_custom_1672657157355{margin-top: 0px !important;margin-right: 0px !important;margin-bottom: 0px !important;padding-top: 0px !important;}&#8221;][\/vc_column][\/vc_row][vc_row equal_height=&#8221;yes&#8221; content_placement=&#8221;middle&#8221; el_id=&#8221;configurazione&#8221; css=&#8221;.vc_custom_1614702795165{margin-top: 80px !important;}&#8221;][vc_column width=&#8221;1\/2&#8243;][vc_custom_heading text=&#8221;CONFIGURA <b>ORION<\/b><br \/>\ncachepot&#8221; use_theme_fonts=&#8221;yes&#8221; el_class=&#8221;issue-flag-2&#8243;][vc_column_text css=&#8221;.vc_custom_1672657315849{padding-top: 20px !important;}&#8221;]I tre componenti di Orion sono disponibili in numerose finiture per far s\u00ec che la tua casa diventi il tuo ambiente.<\/p>\n<p>Puoi scegliere tra le varie opzioni di ottone (Verniciato Metallizzato Marrone, Cromato, Protetto o Naturale &#8211; che per sua natura permette un lento processo di ossidazione, conferendogli un aspetto \u201ceffetto vintage\u201d nel tempo), tra le numerose finiture in legno (Teak, Rovere Rigato, Weng\u00e8 Fiammato, Ebano Makas sar, Noce, Zebrano, Frassino Nero e Laccato Nero Lucido.[\/vc_column_text]<style type=\"text\/css\" data-type=\"the7_shortcodes-inline-css\">#default-btn-5d6f1af0cdb84cda06c6be1d9a3b16ff {\n  border-radius: 1px;\n  font-size: 14px;\n  line-height: 16px;\n}\n.btn-shadow#default-btn-5d6f1af0cdb84cda06c6be1d9a3b16ff {\n  box-shadow: 0 1px 6px rgba(0,0,0,0.12);\n  transition: box-shadow 0.2s ease-out, opacity 0.45s;\n}\n.btn-shadow#default-btn-5d6f1af0cdb84cda06c6be1d9a3b16ff:hover {\n  box-shadow: 0 5px 11px 0 rgba(0,0,0,0.18), 0 4px 15px 0 rgba(0,0,0,0.15);\n}\n.btn-3d#default-btn-5d6f1af0cdb84cda06c6be1d9a3b16ff {\n  box-shadow: 0px 2px 0px 0px #a3a3a3;\n}\n.btn-3d#default-btn-5d6f1af0cdb84cda06c6be1d9a3b16ff:hover {\n  box-shadow: 0px 2px 0px 0px #a3a3a3;\n}\n.btn-flat#default-btn-5d6f1af0cdb84cda06c6be1d9a3b16ff {\n  box-shadow: none;\n}\n.btn-flat#default-btn-5d6f1af0cdb84cda06c6be1d9a3b16ff:hover {\n  box-shadow: none;\n}\n#default-btn-5d6f1af0cdb84cda06c6be1d9a3b16ff.ico-right-side > i {\n  margin-right: 0px;\n  margin-left: 8px;\n}\n#default-btn-5d6f1af0cdb84cda06c6be1d9a3b16ff > i {\n  margin-right: 8px;\n  font-size: 12px;\n}\n#default-btn-5d6f1af0cdb84cda06c6be1d9a3b16ff:not(:hover) {\n  border-width: 0px;\n  background: #cbc3b9 !important;\n  padding: 12px 18px 12px 18px;\n}\n#default-btn-5d6f1af0cdb84cda06c6be1d9a3b16ff:hover {\n  border-width: 0px;\n  background: #cbc3b9 !important;\n  padding: 12px 18px 12px 18px;\n}\n#default-btn-5d6f1af0cdb84cda06c6be1d9a3b16ff.ico-right-side > i {\n  margin-right: 0px;\n  margin-left: 8px;\n}\n#default-btn-5d6f1af0cdb84cda06c6be1d9a3b16ff > i {\n  margin-right: 8px;\n}\n#default-btn-5d6f1af0cdb84cda06c6be1d9a3b16ff * {\n  vertical-align: middle;\n}\n<\/style><a href=\"https:\/\/www.spatia.it\/ita\/materiali\/\" class=\"default-btn-shortcode dt-btn btn-hover-off link-hover-off ico-right-side btn-inline-left btn-flat \" id=\"default-btn-5d6f1af0cdb84cda06c6be1d9a3b16ff\"><span>GUARDA I MATERIALI<\/span><i class=\"Defaults-long-arrow-right\"><\/i><\/a>[\/vc_column][vc_column width=&#8221;1\/2&#8243;][vc_single_image image=&#8221;2375&#8243; img_size=&#8221;full&#8221; alignment=&#8221;center&#8221;][vc_custom_heading text=&#8221;<b>ORION<\/b>&#8221; use_theme_fonts=&#8221;yes&#8221; el_class=&#8221;issue-flag&#8221; css=&#8221;.vc_custom_1672657588814{padding-bottom: 30px !important;}&#8221;][vc_accordion active_tab=&#8221;false&#8221; collapsible=&#8221;yes&#8221; title_size=&#8221;h4&#8243; style=&#8221;2&#8243;][vc_accordion_tab title=&#8221;Dettagli&#8221;][vc_single_image image=&#8221;2359&#8243; img_size=&#8221;full&#8221; onclick=&#8221;zoom&#8221;][\/vc_accordion_tab][\/vc_accordion]<style type=\"text\/css\" data-type=\"the7_shortcodes-inline-css\">#default-btn-c7d38b2005cd31d531c543e5737714d6 {\n  border-radius: 1px;\n  font-size: 14px;\n  line-height: 16px;\n}\n.btn-shadow#default-btn-c7d38b2005cd31d531c543e5737714d6 {\n  box-shadow: 0 1px 6px rgba(0,0,0,0.12);\n  transition: box-shadow 0.2s ease-out, opacity 0.45s;\n}\n.btn-shadow#default-btn-c7d38b2005cd31d531c543e5737714d6:hover {\n  box-shadow: 0 5px 11px 0 rgba(0,0,0,0.18), 0 4px 15px 0 rgba(0,0,0,0.15);\n}\n.btn-3d#default-btn-c7d38b2005cd31d531c543e5737714d6 {\n  box-shadow: 0px 2px 0px 0px #d8d3ca;\n}\n.btn-3d#default-btn-c7d38b2005cd31d531c543e5737714d6:hover {\n  box-shadow: 0px 2px 0px 0px #d8d3ca;\n}\n.btn-flat#default-btn-c7d38b2005cd31d531c543e5737714d6 {\n  box-shadow: none;\n}\n.btn-flat#default-btn-c7d38b2005cd31d531c543e5737714d6:hover {\n  box-shadow: none;\n}\n#default-btn-c7d38b2005cd31d531c543e5737714d6.ico-right-side > i {\n  margin-right: 0px;\n  margin-left: 8px;\n}\n#default-btn-c7d38b2005cd31d531c543e5737714d6 > i {\n  margin-right: 8px;\n  font-size: 12px;\n}\n#default-btn-c7d38b2005cd31d531c543e5737714d6:not(:hover) {\n  border-width: 0px;\n  background: #f5f1ea !important;\n  padding: 12px 18px 12px 18px;\n}\n#default-btn-c7d38b2005cd31d531c543e5737714d6:hover {\n  border-width: 0px;\n  background: #f5f1ea !important;\n  padding: 12px 18px 12px 18px;\n}\n#default-btn-c7d38b2005cd31d531c543e5737714d6.ico-right-side > i {\n  margin-right: 0px;\n  margin-left: 8px;\n}\n#default-btn-c7d38b2005cd31d531c543e5737714d6 > i {\n  margin-right: 8px;\n}\n#default-btn-c7d38b2005cd31d531c543e5737714d6 * {\n  vertical-align: middle;\n}\n<\/style><a href=\"https:\/\/www.spatia.it\/ita\/wp-content\/uploads\/2023\/01\/CP01-Orion-spatia-scheda-tecnica.pdf\" class=\"default-btn-shortcode dt-btn btn-hover-off link-hover-off ico-right-side btn-inline-left btn-flat \" target=\"_blank\" id=\"default-btn-c7d38b2005cd31d531c543e5737714d6\" rel=\"noopener\"><span>DOWNLOAD THE TECHNICAL SHEET<\/span><i class=\"Defaults-long-arrow-right\"><\/i><\/a><style type=\"text\/css\" data-type=\"the7_shortcodes-inline-css\">#default-btn-718573bf68ca90dd59e0d8f13a9211cf {\n  border-radius: 1px;\n  font-size: 14px;\n  line-height: 16px;\n}\n.btn-shadow#default-btn-718573bf68ca90dd59e0d8f13a9211cf {\n  box-shadow: 0 1px 6px rgba(0,0,0,0.12);\n  transition: box-shadow 0.2s ease-out, opacity 0.45s;\n}\n.btn-shadow#default-btn-718573bf68ca90dd59e0d8f13a9211cf:hover {\n  box-shadow: 0 5px 11px 0 rgba(0,0,0,0.18), 0 4px 15px 0 rgba(0,0,0,0.15);\n}\n.btn-3d#default-btn-718573bf68ca90dd59e0d8f13a9211cf {\n  box-shadow: 0px 2px 0px 0px #a3a3a3;\n}\n.btn-3d#default-btn-718573bf68ca90dd59e0d8f13a9211cf:hover {\n  box-shadow: 0px 2px 0px 0px #a3a3a3;\n}\n.btn-flat#default-btn-718573bf68ca90dd59e0d8f13a9211cf {\n  box-shadow: none;\n}\n.btn-flat#default-btn-718573bf68ca90dd59e0d8f13a9211cf:hover {\n  box-shadow: none;\n}\n#default-btn-718573bf68ca90dd59e0d8f13a9211cf.ico-right-side > i {\n  margin-right: 0px;\n  margin-left: 8px;\n}\n#default-btn-718573bf68ca90dd59e0d8f13a9211cf > i {\n  margin-right: 8px;\n  font-size: 12px;\n}\n#default-btn-718573bf68ca90dd59e0d8f13a9211cf:not(:hover) {\n  border-width: 0px;\n  background: #cbc3b9 !important;\n  padding: 12px 18px 12px 18px;\n}\n#default-btn-718573bf68ca90dd59e0d8f13a9211cf:hover {\n  border-width: 0px;\n  background: #cbc3b9 !important;\n  padding: 12px 18px 12px 18px;\n}\n#default-btn-718573bf68ca90dd59e0d8f13a9211cf.ico-right-side > i {\n  margin-right: 0px;\n  margin-left: 8px;\n}\n#default-btn-718573bf68ca90dd59e0d8f13a9211cf > i {\n  margin-right: 8px;\n}\n#default-btn-718573bf68ca90dd59e0d8f13a9211cf * {\n  vertical-align: middle;\n}\n<\/style><a href=\"https:\/\/www.spatia.it\/prodotto\/orion-cachepot\/\" class=\"default-btn-shortcode dt-btn btn-hover-off link-hover-off ico-right-side btn-inline-left btn-flat \" id=\"default-btn-718573bf68ca90dd59e0d8f13a9211cf\"><span>CONFIGURA<\/span><i class=\"Defaults-long-arrow-right\"><\/i><\/a>[\/vc_column][\/vc_row][vc_row full_width=&#8221;stretch_row&#8221; equal_height=&#8221;yes&#8221; content_placement=&#8221;middle&#8221; bg_type=&#8221;bg_color&#8221; css=&#8221;.vc_custom_1671102021810{margin-top: 80px !important;margin-right: 0px !important;margin-bottom: 0px !important;padding-right: 0px !important;}&#8221; bg_color_value=&#8221;#ffedf1&#8243;][vc_column width=&#8221;2\/6&#8243; css=&#8221;.vc_custom_1614686502326{padding-right: 40px !important;padding-left: 40px !important;}&#8221;][vc_custom_heading text=&#8221;OTTIENI DI PI\u00d9<br \/>\nDAL <b>TUO SPAZIO<\/b>&#8221; use_theme_fonts=&#8221;yes&#8221; el_class=&#8221;issue-flag-2&#8243;][vc_column_text css=&#8221;.vc_custom_1672657446265{padding-top: 30px !important;}&#8221;]<b>SPATIA<\/b>\u00a0risponde alle esigenze del tuo carattere. Scopri cosa chiede il tuo ambiente, e personalizza il tuo oggetto d\u2019arredo dandogli l\u2019anima che preferisci. Scegli tra le diverse essenze di legno, le tipologie di ripiani e i vari materiali della struttura portante.[\/vc_column_text]<style type=\"text\/css\" data-type=\"the7_shortcodes-inline-css\">#default-btn-d8814c011386013a461c7321f9ccd5de {\n  border-radius: 1px;\n  font-size: 14px;\n  line-height: 16px;\n}\n.btn-shadow#default-btn-d8814c011386013a461c7321f9ccd5de {\n  box-shadow: 0 1px 6px rgba(0,0,0,0.12);\n  transition: box-shadow 0.2s ease-out, opacity 0.45s;\n}\n.btn-shadow#default-btn-d8814c011386013a461c7321f9ccd5de:hover {\n  box-shadow: 0 5px 11px 0 rgba(0,0,0,0.18), 0 4px 15px 0 rgba(0,0,0,0.15);\n}\n.btn-3d#default-btn-d8814c011386013a461c7321f9ccd5de {\n  box-shadow: 0px 2px 0px 0px #a3a3a3;\n}\n.btn-3d#default-btn-d8814c011386013a461c7321f9ccd5de:hover {\n  box-shadow: 0px 2px 0px 0px #a3a3a3;\n}\n.btn-flat#default-btn-d8814c011386013a461c7321f9ccd5de {\n  box-shadow: none;\n}\n.btn-flat#default-btn-d8814c011386013a461c7321f9ccd5de:hover {\n  box-shadow: none;\n}\n#default-btn-d8814c011386013a461c7321f9ccd5de.ico-right-side > i {\n  margin-right: 0px;\n  margin-left: 8px;\n}\n#default-btn-d8814c011386013a461c7321f9ccd5de > i {\n  margin-right: 8px;\n  font-size: 12px;\n}\n#default-btn-d8814c011386013a461c7321f9ccd5de:not(:hover) {\n  border-width: 0px;\n  background: #cbc3b9 !important;\n  padding: 12px 18px 12px 18px;\n}\n#default-btn-d8814c011386013a461c7321f9ccd5de:hover {\n  border-width: 0px;\n  background: #cbc3b9 !important;\n  padding: 12px 18px 12px 18px;\n}\n#default-btn-d8814c011386013a461c7321f9ccd5de.ico-right-side > i {\n  margin-right: 0px;\n  margin-left: 8px;\n}\n#default-btn-d8814c011386013a461c7321f9ccd5de > i {\n  margin-right: 8px;\n}\n#default-btn-d8814c011386013a461c7321f9ccd5de * {\n  vertical-align: middle;\n}\n<\/style><a href=\"http:\/\/www.spatia.it\/survey-che-spatia-sei\" class=\"default-btn-shortcode dt-btn btn-hover-off link-hover-off ico-right-side btn-inline-left btn-flat \" id=\"default-btn-d8814c011386013a461c7321f9ccd5de\"><span>SCOPRI CHE SPATIA SEI<\/span><i class=\"Defaults-long-arrow-right\"><\/i><\/a>[\/vc_column][vc_column width=&#8221;4\/6&#8243; css=&#8221;.vc_custom_1614689616737{margin-top: 0px !important;margin-right: 0px !important;margin-bottom: 0px !important;padding-top: 0px !important;padding-right: 0px !important;}&#8221;][vc_video link=&#8221;https:\/\/vimeo.com\/784800423&#8243; css=&#8221;.vc_custom_1672244438600{margin-bottom: -20px !important;}&#8221;][\/vc_column][\/vc_row][vc_row full_width=&#8221;stretch_row&#8221; equal_height=&#8221;yes&#8221; content_placement=&#8221;middle&#8221; bg_type=&#8221;bg_color&#8221;][vc_column width=&#8221;1\/2&#8243;][vc_single_image image=&#8221;1205&#8243; img_size=&#8221;full&#8221;][\/vc_column][vc_column width=&#8221;1\/2&#8243; css=&#8221;.vc_custom_1614686502326{padding-right: 40px !important;padding-left: 40px !important;}&#8221;][vc_custom_heading text=&#8221;ENTRA A FAR PARTE<br \/>\n<b>DEL CLUB SPATIA<\/b>&#8221; use_theme_fonts=&#8221;yes&#8221; el_class=&#8221;issue-flag-2&#8243;][vc_column_text css=&#8221;.vc_custom_1672657484205{padding-top: 20px !important;}&#8221;]Acquistando\u00a0<b>ORION<\/b>\u00a0riceverai in omaggio la\u00a0<b>SPATIA Exclusive Card<\/b>\u00a0che ti consentir\u00e0 di accedere a esclusivi servizi e sconti a te dedicati.[\/vc_column_text]<div class=\"standard-arrow list-divider bullet-top\"><ul>\n<li>INVITO PREFERENZIALE AD EVENTI ESCLUSIVI SPATIA<\/li>\n<li>INVITO PREFERENZIALE A PROMOZIONI E PREVIEW SPATIA<\/li>\n<li>INVIO CATALOGO ESCLUSIVO HOME ITALIA<\/li>\n<li>SCONTO DEL 15% SU OGNI NUOVO ORDINE SPATIA<\/li>\n<\/ul>\n<\/div>[\/vc_column][\/vc_row][vc_row css=&#8221;.vc_custom_1614695436120{margin-top: 30px !important;margin-bottom: 30px !important;}&#8221;][vc_column width=&#8221;1\/4&#8243;][\/vc_column][vc_column width=&#8221;1\/2&#8243;][vc_column_text]<\/p>\n<h6 style=\"text-align: center; color: #000000; font-size: 30px !important; line-height: 35px !important; font-weight: 200;\"><em>\u201cRicordatevi di guardare le stelle e non i vostri piedi.\u201d<\/em><\/h6>\n<h6 style=\"text-align: center; color: #000000; font-weight: 200;\">Stephen Hawking<\/h6>\n<p>[\/vc_column_text][\/vc_column][vc_column width=&#8221;1\/4&#8243;][\/vc_column][\/vc_row]<\/p>\n","protected":false},"excerpt":{"rendered":"<p>[vc_row full_width=&#8221;stretch_row_content&#8221; css=&#8221;.vc_custom_1681296284671{margin-top: 0px !important;padding-top: 80px !important;background-image: url(https:\/\/www.spatia.it\/ita\/wp-content\/uploads\/2023\/01\/spatia-header-prodotto-orion.jpg?id=2374) !important;background-position: center !important;background-repeat: no-repeat !important;background-size: cover !important;}&#8221;][vc_column width=&#8221;1\/6&#8243; css=&#8221;.vc_custom_1595410603429{margin-top: 0px !important;padding-top: 0px !important;}&#8221;][\/vc_column][vc_column width=&#8221;1\/4&#8243;][vc_column_text] ORION &nbsp; cachepot &nbsp; Design Spatia Lab &nbsp;[\/vc_column_text][vc_column_text css=&#8221;.vc_custom_1672657058109{padding-top: 90px !important;}&#8221;]SEMPLICE ESSENZIALIT\u00c0 PER IL TUO LIVING Orione, con la sua leggendaria \u201ccintura\u201d, \u00e8 da sempre uno dei punti di riferimento fra gli astri&hellip;<\/p>\n","protected":false},"author":1,"featured_media":0,"parent":0,"menu_order":0,"comment_status":"closed","ping_status":"closed","template":"","meta":[],"yoast_head":"<!-- This site is optimized with the Yoast SEO plugin v16.0 - https:\/\/yoast.com\/wordpress\/plugins\/seo\/ -->\n<title>Orion - cachepot - SPATIA<\/title>\n<meta property=\"og:locale\" content=\"it_IT\" \/>\n<meta property=\"og:type\" content=\"article\" \/>\n<meta property=\"og:title\" content=\"Orion - cachepot - SPATIA\" \/>\n<meta property=\"og:description\" content=\"[vc_row full_width=&#8221;stretch_row_content&#8221; css=&#8221;.vc_custom_1681296284671{margin-top: 0px !important;padding-top: 80px !important;background-image: url(https:\/\/www.spatia.it\/ita\/wp-content\/uploads\/2023\/01\/spatia-header-prodotto-orion.jpg?id=2374) !important;background-position: center !important;background-repeat: no-repeat !important;background-size: cover !important;}&#8221;][vc_column width=&#8221;1\/6&#8243; css=&#8221;.vc_custom_1595410603429{margin-top: 0px !important;padding-top: 0px !important;}&#8221;][\/vc_column][vc_column width=&#8221;1\/4&#8243;][vc_column_text] ORION &nbsp; cachepot &nbsp; Design Spatia Lab &nbsp;[\/vc_column_text][vc_column_text css=&#8221;.vc_custom_1672657058109{padding-top: 90px !important;}&#8221;]SEMPLICE ESSENZIALIT\u00c0 PER IL TUO LIVING Orione, con la sua leggendaria \u201ccintura\u201d, \u00e8 da sempre uno dei punti di riferimento fra gli astri&hellip;\" \/>\n<meta property=\"og:url\" content=\"https:\/\/www.spatia.it\/ita\/orion-cachepot\/\" \/>\n<meta property=\"og:site_name\" content=\"SPATIA\" \/>\n<meta property=\"article:modified_time\" content=\"2023-04-13T14:33:53+00:00\" \/>\n<meta name=\"twitter:card\" content=\"summary_large_image\" \/>\n<meta name=\"twitter:label1\" content=\"Tempo di lettura stimato\">\n\t<meta name=\"twitter:data1\" content=\"3 minuti\">\n<script type=\"application\/ld+json\" class=\"yoast-schema-graph\">{\"@context\":\"https:\/\/schema.org\",\"@graph\":[{\"@type\":\"Organization\",\"@id\":\"http:\/\/thondo.avlabs.it\/#organization\",\"name\":\"Iridio\",\"url\":\"http:\/\/thondo.avlabs.it\/\",\"sameAs\":[],\"logo\":{\"@type\":\"ImageObject\",\"@id\":\"http:\/\/thondo.avlabs.it\/#logo\",\"inLanguage\":\"it-IT\",\"url\":\"\",\"caption\":\"Iridio\"},\"image\":{\"@id\":\"http:\/\/thondo.avlabs.it\/#logo\"}},{\"@type\":\"WebSite\",\"@id\":\"http:\/\/thondo.avlabs.it\/#website\",\"url\":\"http:\/\/thondo.avlabs.it\/\",\"name\":\"SPATIA\",\"description\":\"Diamo forma al tuo spazio\",\"publisher\":{\"@id\":\"http:\/\/thondo.avlabs.it\/#organization\"},\"potentialAction\":[{\"@type\":\"SearchAction\",\"target\":\"http:\/\/thondo.avlabs.it\/?s={search_term_string}\",\"query-input\":\"required name=search_term_string\"}],\"inLanguage\":\"it-IT\"},{\"@type\":\"WebPage\",\"@id\":\"https:\/\/www.spatia.it\/ita\/orion-cachepot\/#webpage\",\"url\":\"https:\/\/www.spatia.it\/ita\/orion-cachepot\/\",\"name\":\"Orion - cachepot - SPATIA\",\"isPartOf\":{\"@id\":\"http:\/\/thondo.avlabs.it\/#website\"},\"datePublished\":\"2023-01-02T10:46:29+00:00\",\"dateModified\":\"2023-04-13T14:33:53+00:00\",\"breadcrumb\":{\"@id\":\"https:\/\/www.spatia.it\/ita\/orion-cachepot\/#breadcrumb\"},\"inLanguage\":\"it-IT\",\"potentialAction\":[{\"@type\":\"ReadAction\",\"target\":[\"https:\/\/www.spatia.it\/ita\/orion-cachepot\/\"]}]},{\"@type\":\"BreadcrumbList\",\"@id\":\"https:\/\/www.spatia.it\/ita\/orion-cachepot\/#breadcrumb\",\"itemListElement\":[{\"@type\":\"ListItem\",\"position\":1,\"item\":{\"@type\":\"WebPage\",\"@id\":\"https:\/\/www.spatia.it\/ita\/\",\"url\":\"https:\/\/www.spatia.it\/ita\/\",\"name\":\"Home\"}},{\"@type\":\"ListItem\",\"position\":2,\"item\":{\"@type\":\"WebPage\",\"@id\":\"https:\/\/www.spatia.it\/ita\/orion-cachepot\/\",\"url\":\"https:\/\/www.spatia.it\/ita\/orion-cachepot\/\",\"name\":\"Orion &#8211; cachepot\"}}]}]}<\/script>\n<!-- \/ Yoast SEO plugin. -->","_links":{"self":[{"href":"https:\/\/www.spatia.it\/ita\/wp-json\/wp\/v2\/pages\/2369"}],"collection":[{"href":"https:\/\/www.spatia.it\/ita\/wp-json\/wp\/v2\/pages"}],"about":[{"href":"https:\/\/www.spatia.it\/ita\/wp-json\/wp\/v2\/types\/page"}],"author":[{"embeddable":true,"href":"https:\/\/www.spatia.it\/ita\/wp-json\/wp\/v2\/users\/1"}],"replies":[{"embeddable":true,"href":"https:\/\/www.spatia.it\/ita\/wp-json\/wp\/v2\/comments?post=2369"}],"version-history":[{"count":8,"href":"https:\/\/www.spatia.it\/ita\/wp-json\/wp\/v2\/pages\/2369\/revisions"}],"predecessor-version":[{"id":2440,"href":"https:\/\/www.spatia.it\/ita\/wp-json\/wp\/v2\/pages\/2369\/revisions\/2440"}],"wp:attachment":[{"href":"https:\/\/www.spatia.it\/ita\/wp-json\/wp\/v2\/media?parent=2369"}],"curies":[{"name":"wp","href":"https:\/\/api.w.org\/{rel}","templated":true}]}}